{"id":25,"date":"2024-07-06T23:14:50","date_gmt":"2024-07-06T21:14:50","guid":{"rendered":"https:\/\/www.theolacombe-son.fr\/?page_id=25"},"modified":"2026-01-17T18:17:16","modified_gmt":"2026-01-17T17:17:16","slug":"projets","status":"publish","type":"page","link":"https:\/\/www.theolacombe-son.fr\/index.php\/projets\/","title":{"rendered":"Projets"},"content":{"rendered":"<p><div class=\"fusion-fullwidth fullwidth-box fusion-builder-row-1 fusion-flex-container has-pattern-background has-mask-background nonhundred-percent-fullwidth non-hundred-percent-height-scrolling\" style=\"--awb-border-radius-top-left:0px;--awb-border-radius-top-right:0px;--awb-border-radius-bottom-right:0px;--awb-border-radius-bottom-left:0px;--awb-flex-wrap:wrap;\" ><div class=\"fusion-builder-row fusion-row fusion-flex-align-items-flex-start fusion-flex-content-wrap\" style=\"max-width:1248px;margin-left: calc(-4% \/ 2 );margin-right: calc(-4% \/ 2 );\"><div class=\"fusion-layout-column fusion_builder_column fusion-builder-column-0 fusion_builder_column_1_1 1_1 fusion-flex-column\" style=\"--awb-bg-size:cover;--awb-width-large:100%;--awb-margin-top-large:0px;--awb-spacing-right-large:1.92%;--awb-margin-bottom-large:20px;--awb-spacing-left-large:1.92%;--awb-width-medium:100%;--awb-order-medium:0;--awb-spacing-right-medium:1.92%;--awb-spacing-left-medium:1.92%;--awb-width-small:100%;--awb-order-small:0;--awb-spacing-right-small:1.92%;--awb-spacing-left-small:1.92%;\"><div class=\"fusion-column-wrapper fusion-column-has-shadow fusion-flex-justify-content-flex-start fusion-content-layout-column\"><div class=\"fusion-title title fusion-title-1 fusion-sep-none fusion-title-text fusion-title-size-four\"><h4 class=\"fusion-title-heading title-heading-left\" style=\"margin:0;\"><p style=\"text-align: center;\"><span style=\"text-decoration: underline;\">D\u00e9couvres mes diff\u00e9rents projets :<\/span><\/p><\/h4><\/div><\/div><\/div><\/div><\/div><div class=\"fusion-fullwidth fullwidth-box fusion-builder-row-2 fusion-flex-container has-pattern-background has-mask-background nonhundred-percent-fullwidth non-hundred-percent-height-scrolling\" style=\"--awb-border-radius-top-left:0px;--awb-border-radius-top-right:0px;--awb-border-radius-bottom-right:0px;--awb-border-radius-bottom-left:0px;--awb-flex-wrap:wrap;\" ><div class=\"fusion-builder-row fusion-row fusion-flex-align-items-flex-start fusion-flex-content-wrap\" style=\"max-width:1248px;margin-left: calc(-4% \/ 2 );margin-right: calc(-4% \/ 2 );\"><div class=\"fusion-layout-column fusion_builder_column fusion-builder-column-1 fusion_builder_column_1_2 1_2 fusion-flex-column\" style=\"--awb-bg-size:cover;--awb-width-large:50%;--awb-margin-top-large:0px;--awb-spacing-right-large:3.84%;--awb-margin-bottom-large:20px;--awb-spacing-left-large:3.84%;--awb-width-medium:50%;--awb-order-medium:0;--awb-spacing-right-medium:3.84%;--awb-spacing-left-medium:3.84%;--awb-width-small:100%;--awb-order-small:0;--awb-spacing-right-small:1.92%;--awb-spacing-left-small:1.92%;\"><div class=\"fusion-column-wrapper fusion-column-has-shadow fusion-flex-justify-content-flex-start fusion-content-layout-column\"><div class=\"fusion-title title fusion-title-2 fusion-sep-none fusion-title-text fusion-title-size-six\" style=\"--awb-margin-bottom:-190px;\"><h6 class=\"fusion-title-heading title-heading-left\" style=\"margin:0;\"><u>Chef Op\u00e9rateur Son <\/u><\/h6><\/div><div class=\"fusion-video fusion-youtube\" style=\"--awb-max-width:600px;--awb-max-height:360px;--awb-margin-top:50px;\"><div class=\"video-shortcode\"><div class=\"fluid-width-video-wrapper\" style=\"padding-top:60%;\" ><iframe title=\"YouTube video player 1\" src=\"https:\/\/www.youtube.com\/embed\/D3-onGMD-M4?wmode=transparent&autoplay=0\" width=\"600\" height=\"360\" allowfullscreen allow=\"autoplay; fullscreen\"><\/iframe><\/div><\/div><\/div><div class=\"fusion-title title fusion-title-3 fusion-sep-none fusion-title-text fusion-title-size-six\"><h6 class=\"fusion-title-heading title-heading-left\" style=\"margin:0;\"><u>Op\u00e9rateur Son (ITW Intervenant 1 &amp; 2)<\/u><\/h6><\/div><div class=\"fusion-video fusion-youtube\" style=\"--awb-max-width:600px;--awb-max-height:360px;\"><div class=\"video-shortcode\"><div class=\"fluid-width-video-wrapper\" style=\"padding-top:60%;\" ><iframe title=\"YouTube video player 2\" src=\"https:\/\/www.youtube.com\/embed\/KBK4D3seL6g?wmode=transparent&autoplay=0\" width=\"600\" height=\"360\" allowfullscreen allow=\"autoplay; fullscreen\"><\/iframe><\/div><\/div><\/div><div class=\"fusion-title title fusion-title-4 fusion-sep-none fusion-title-text fusion-title-size-six\"><h6 class=\"fusion-title-heading title-heading-left\" style=\"margin:0;\">Chef Op\u00e9rateur Son + Mixeur Son (5.1 et St\u00e9r\u00e9o (WEB))<\/h6><\/div><div class=\"fusion-video fusion-youtube\" style=\"--awb-max-width:600px;--awb-max-height:360px;\"><div class=\"video-shortcode\"><div class=\"fluid-width-video-wrapper\" style=\"padding-top:60%;\" ><iframe title=\"YouTube video player 3\" src=\"https:\/\/www.youtube.com\/embed\/2W-SjzNIzck?wmode=transparent&autoplay=0\" width=\"600\" height=\"360\" allowfullscreen allow=\"autoplay; fullscreen\"><\/iframe><\/div><\/div><\/div><div class=\"fusion-title title fusion-title-5 fusion-sep-none fusion-title-text fusion-title-size-six\"><h6 class=\"fusion-title-heading title-heading-left\" style=\"margin:0;\">Mixeur Son (WEB)<\/h6><\/div><a class=\"fusion-modal-text-link\" href=\"#\">\n<p><a href=\"https:\/\/go.vistahigherlearning.com\/world-language.html?wchannelid=18bj6z5u3y&amp;wmediaid=ztpk73e96o&amp;wvideo=ztpk73e96o\"><img decoding=\"async\" src=\"https:\/\/embed-ssl.wistia.com\/deliveries\/9dcd36fa143cacae5d0cff080e546c38.jpg?image_play_button_size=2x&amp;image_crop_resized=960x540&amp;image_play_button_rounded=1&amp;image_play_button_color=54bbffe0\" width=\"400\" height=\"400\" style=\"width: 800px; height: px;\"><\/a><\/p>\n<p><a href=\"https:\/\/go.vistahigherlearning.com\/world-language.html?wchannelid=18bj6z5u3y&amp;wmediaid=ztpk73e96o&amp;wvideo=ztpk73e96o\"><\/a><\/p>\n<\/a><\/div><\/div><div class=\"fusion-layout-column fusion_builder_column fusion-builder-column-2 fusion_builder_column_1_2 1_2 fusion-flex-column\" style=\"--awb-bg-size:cover;--awb-width-large:50%;--awb-margin-top-large:0px;--awb-spacing-right-large:3.84%;--awb-margin-bottom-large:20px;--awb-spacing-left-large:3.84%;--awb-width-medium:50%;--awb-order-medium:0;--awb-spacing-right-medium:3.84%;--awb-spacing-left-medium:3.84%;--awb-width-small:100%;--awb-order-small:0;--awb-spacing-right-small:1.92%;--awb-spacing-left-small:1.92%;\"><div class=\"fusion-column-wrapper fusion-column-has-shadow fusion-flex-justify-content-flex-start fusion-content-layout-column\"><div class=\"fusion-title title fusion-title-6 fusion-sep-none fusion-title-text fusion-title-size-six\"><h6 class=\"fusion-title-heading title-heading-left\" style=\"margin:0;\"><u>Chef Op\u00e9rateur Son + Monteur Son + Mixeur Son<\/u><\/h6><\/div><div class=\"fusion-video fusion-youtube\" style=\"--awb-max-width:600px;--awb-max-height:360px;\"><div class=\"video-shortcode\"><div class=\"fluid-width-video-wrapper\" style=\"padding-top:60%;\" ><iframe title=\"YouTube video player 4\" src=\"https:\/\/www.youtube.com\/embed\/eNMir-8uiOQ?wmode=transparent&autoplay=0\" width=\"600\" height=\"360\" allowfullscreen allow=\"autoplay; fullscreen\"><\/iframe><\/div><\/div><\/div><div class=\"fusion-title title fusion-title-7 fusion-sep-none fusion-title-text fusion-title-size-six\"><h6 class=\"fusion-title-heading title-heading-left\" style=\"margin:0;\"><u>Chef Op\u00e9rateur Son <\/u><\/h6><\/div><div class=\"fusion-video fusion-youtube\" style=\"--awb-max-width:600px;--awb-max-height:360px;\"><div class=\"video-shortcode\"><div class=\"fluid-width-video-wrapper\" style=\"padding-top:60%;\" ><iframe title=\"YouTube video player 5\" src=\"https:\/\/www.youtube.com\/embed\/YablX5v--wA?wmode=transparent&autoplay=0\" width=\"600\" height=\"360\" allowfullscreen allow=\"autoplay; fullscreen\"><\/iframe><\/div><\/div><\/div><div class=\"fusion-title title fusion-title-8 fusion-sep-none fusion-title-text fusion-title-size-six\"><h6 class=\"fusion-title-heading title-heading-left\" style=\"margin:0;\"><u>Chef Op\u00e9rateur Son + Monteur Son + Mixeur Son<\/u><\/h6><\/div><div class=\"fusion-video fusion-youtube\" style=\"--awb-max-width:600px;--awb-max-height:360px;--awb-margin-top:6px;\"><div class=\"video-shortcode\"><div class=\"fluid-width-video-wrapper\" style=\"padding-top:60%;\" ><iframe title=\"YouTube video player 6\" src=\"https:\/\/www.youtube.com\/embed\/iyMdEIKmCE4?wmode=transparent&autoplay=0\" width=\"600\" height=\"360\" allowfullscreen allow=\"autoplay; fullscreen\"><\/iframe><\/div><\/div><\/div><div class=\"fusion-title title fusion-title-9 fusion-sep-none fusion-title-text fusion-title-size-six\"><h6 class=\"fusion-title-heading title-heading-left\" style=\"margin:0;\">Ing\u00e9nieur Son &#8211; Voice OVER (FRENCH TO ENGLISH)<\/h6><\/div><div class=\"fusion-video fusion-youtube\" style=\"--awb-max-width:600px;--awb-max-height:360px;\"><div class=\"video-shortcode\"><div class=\"fluid-width-video-wrapper\" style=\"padding-top:60%;\" ><iframe title=\"YouTube video player 7\" src=\"https:\/\/www.youtube.com\/embed\/1QX5cHUsNSY?wmode=transparent&autoplay=0\" width=\"600\" height=\"360\" allowfullscreen allow=\"autoplay; fullscreen\"><\/iframe><\/div><\/div><\/div><div class=\"fusion-title title fusion-title-10 fusion-sep-none fusion-title-text fusion-title-size-six\"><h6 class=\"fusion-title-heading title-heading-left\" style=\"margin:0;\">Mixeur Son (WEB\/YOUTUBE)- Fondation de La Mer<\/h6><\/div><div class=\"fusion-video fusion-youtube\" style=\"--awb-max-width:600px;--awb-max-height:360px;\"><div class=\"video-shortcode\"><div class=\"fluid-width-video-wrapper\" style=\"padding-top:60%;\" ><iframe title=\"YouTube video player 8\" src=\"https:\/\/www.youtube.com\/embed\/NVfv_hEVob8?wmode=transparent&autoplay=0\" width=\"600\" height=\"360\" allowfullscreen allow=\"autoplay; fullscreen\"><\/iframe><\/div><\/div><\/div><div class=\"fusion-title title fusion-title-11 fusion-sep-none fusion-title-text fusion-title-size-six\"><h6 class=\"fusion-title-heading title-heading-left\" style=\"margin:0;\">Mixeur Son (WEB)<\/h6><\/div><a class=\"fusion-modal-text-link\" href=\"#\">\n<p><a href=\"https:\/\/learn.vistahigherlearning.com\/portails-intro\/whats-new.html?wvideo=c4jrqsd7dz\"><img decoding=\"async\" src=\"https:\/\/embed-ssl.wistia.com\/deliveries\/24dcc34940e42c991a56503663404152.jpg?image_play_button_size=2x&amp;image_crop_resized=960x540&amp;image_play_button_rounded=1&amp;image_play_button_color=54bbffe0\" width=\"400\" height=\"225\" style=\"width: 800px; height:px;\"><\/a><\/p>\n<p><a href=\"https:\/\/learn.vistahigherlearning.com\/portails-intro\/whats-new.html?wvideo=c4jrqsd7dz\"><\/a><\/p>\n<\/a><\/div><\/div><\/div><\/div><\/p>\n","protected":false},"excerpt":{"rendered":"","protected":false},"author":1,"featured_media":0,"parent":0,"menu_order":0,"comment_status":"closed","ping_status":"closed","template":"100-width.php","meta":{"footnotes":""},"class_list":["post-25","page","type-page","status-publish","hentry"],"yoast_head":"<!-- This site is optimized with the Yoast SEO plugin v26.7 - https:\/\/yoast.com\/wordpress\/plugins\/seo\/ -->\n<title>Projets - Th\u00e9o Lacombe - Op\u00e9rateur Son<\/title>\n<meta name=\"robots\" content=\"index, follow, max-snippet:-1, max-image-preview:large, max-video-preview:-1\" \/>\n<link rel=\"canonical\" href=\"https:\/\/www.theolacombe-son.fr\/index.php\/projets\/\" \/>\n<meta property=\"og:locale\" content=\"fr_FR\" \/>\n<meta property=\"og:type\" content=\"article\" \/>\n<meta property=\"og:title\" content=\"Projets - Th\u00e9o Lacombe - Op\u00e9rateur Son\" \/>\n<meta property=\"og:url\" content=\"https:\/\/www.theolacombe-son.fr\/index.php\/projets\/\" \/>\n<meta property=\"og:site_name\" content=\"Th\u00e9o Lacombe - Op\u00e9rateur Son\" \/>\n<meta property=\"article:modified_time\" content=\"2026-01-17T17:17:16+00:00\" \/>\n<meta property=\"og:image\" content=\"https:\/\/embed-ssl.wistia.com\/deliveries\/9dcd36fa143cacae5d0cff080e546c38.jpg?image_play_button_size=2x&amp;image_crop_resized=960x540&amp;image_play_button_rounded=1&amp;image_play_button_color=54bbffe0\" \/>\n<meta name=\"twitter:card\" content=\"summary_large_image\" \/>\n<meta name=\"twitter:label1\" content=\"Dur\u00e9e de lecture estim\u00e9e\" \/>\n\t<meta name=\"twitter:data1\" content=\"1 minute\" \/>\n<script type=\"application\/ld+json\" class=\"yoast-schema-graph\">{\"@context\":\"https:\/\/schema.org\",\"@graph\":[{\"@type\":\"WebPage\",\"@id\":\"https:\/\/www.theolacombe-son.fr\/index.php\/projets\/\",\"url\":\"https:\/\/www.theolacombe-son.fr\/index.php\/projets\/\",\"name\":\"Projets - Th\u00e9o Lacombe - Op\u00e9rateur Son\",\"isPartOf\":{\"@id\":\"https:\/\/www.theolacombe-son.fr\/#website\"},\"primaryImageOfPage\":{\"@id\":\"https:\/\/www.theolacombe-son.fr\/index.php\/projets\/#primaryimage\"},\"image\":{\"@id\":\"https:\/\/www.theolacombe-son.fr\/index.php\/projets\/#primaryimage\"},\"thumbnailUrl\":\"https:\/\/embed-ssl.wistia.com\/deliveries\/9dcd36fa143cacae5d0cff080e546c38.jpg?image_play_button_size=2x&amp;image_crop_resized=960x540&amp;image_play_button_rounded=1&amp;image_play_button_color=54bbffe0\",\"datePublished\":\"2024-07-06T21:14:50+00:00\",\"dateModified\":\"2026-01-17T17:17:16+00:00\",\"breadcrumb\":{\"@id\":\"https:\/\/www.theolacombe-son.fr\/index.php\/projets\/#breadcrumb\"},\"inLanguage\":\"fr-FR\",\"potentialAction\":[{\"@type\":\"ReadAction\",\"target\":[\"https:\/\/www.theolacombe-son.fr\/index.php\/projets\/\"]}]},{\"@type\":\"ImageObject\",\"inLanguage\":\"fr-FR\",\"@id\":\"https:\/\/www.theolacombe-son.fr\/index.php\/projets\/#primaryimage\",\"url\":\"https:\/\/embed-ssl.wistia.com\/deliveries\/9dcd36fa143cacae5d0cff080e546c38.jpg?image_play_button_size=2x&amp;image_crop_resized=960x540&amp;image_play_button_rounded=1&amp;image_play_button_color=54bbffe0\",\"contentUrl\":\"https:\/\/embed-ssl.wistia.com\/deliveries\/9dcd36fa143cacae5d0cff080e546c38.jpg?image_play_button_size=2x&amp;image_crop_resized=960x540&amp;image_play_button_rounded=1&amp;image_play_button_color=54bbffe0\"},{\"@type\":\"BreadcrumbList\",\"@id\":\"https:\/\/www.theolacombe-son.fr\/index.php\/projets\/#breadcrumb\",\"itemListElement\":[{\"@type\":\"ListItem\",\"position\":1,\"name\":\"Accueil\",\"item\":\"https:\/\/www.theolacombe-son.fr\/\"},{\"@type\":\"ListItem\",\"position\":2,\"name\":\"Projets\"}]},{\"@type\":\"WebSite\",\"@id\":\"https:\/\/www.theolacombe-son.fr\/#website\",\"url\":\"https:\/\/www.theolacombe-son.fr\/\",\"name\":\"Th\u00e9o Lacombe - Op\u00e9rateur Son\",\"description\":\"Op\u00e9rateur Son\",\"potentialAction\":[{\"@type\":\"SearchAction\",\"target\":{\"@type\":\"EntryPoint\",\"urlTemplate\":\"https:\/\/www.theolacombe-son.fr\/?s={search_term_string}\"},\"query-input\":{\"@type\":\"PropertyValueSpecification\",\"valueRequired\":true,\"valueName\":\"search_term_string\"}}],\"inLanguage\":\"fr-FR\"}]}<\/script>\n<!-- \/ Yoast SEO plugin. -->","yoast_head_json":{"title":"Projets - Th\u00e9o Lacombe - Op\u00e9rateur Son","robots":{"index":"index","follow":"follow","max-snippet":"max-snippet:-1","max-image-preview":"max-image-preview:large","max-video-preview":"max-video-preview:-1"},"canonical":"https:\/\/www.theolacombe-son.fr\/index.php\/projets\/","og_locale":"fr_FR","og_type":"article","og_title":"Projets - Th\u00e9o Lacombe - Op\u00e9rateur Son","og_url":"https:\/\/www.theolacombe-son.fr\/index.php\/projets\/","og_site_name":"Th\u00e9o Lacombe - Op\u00e9rateur Son","article_modified_time":"2026-01-17T17:17:16+00:00","og_image":[{"url":"https:\/\/embed-ssl.wistia.com\/deliveries\/9dcd36fa143cacae5d0cff080e546c38.jpg?image_play_button_size=2x&amp;image_crop_resized=960x540&amp;image_play_button_rounded=1&amp;image_play_button_color=54bbffe0","type":"","width":"","height":""}],"twitter_card":"summary_large_image","twitter_misc":{"Dur\u00e9e de lecture estim\u00e9e":"1 minute"},"schema":{"@context":"https:\/\/schema.org","@graph":[{"@type":"WebPage","@id":"https:\/\/www.theolacombe-son.fr\/index.php\/projets\/","url":"https:\/\/www.theolacombe-son.fr\/index.php\/projets\/","name":"Projets - Th\u00e9o Lacombe - Op\u00e9rateur Son","isPartOf":{"@id":"https:\/\/www.theolacombe-son.fr\/#website"},"primaryImageOfPage":{"@id":"https:\/\/www.theolacombe-son.fr\/index.php\/projets\/#primaryimage"},"image":{"@id":"https:\/\/www.theolacombe-son.fr\/index.php\/projets\/#primaryimage"},"thumbnailUrl":"https:\/\/embed-ssl.wistia.com\/deliveries\/9dcd36fa143cacae5d0cff080e546c38.jpg?image_play_button_size=2x&amp;image_crop_resized=960x540&amp;image_play_button_rounded=1&amp;image_play_button_color=54bbffe0","datePublished":"2024-07-06T21:14:50+00:00","dateModified":"2026-01-17T17:17:16+00:00","breadcrumb":{"@id":"https:\/\/www.theolacombe-son.fr\/index.php\/projets\/#breadcrumb"},"inLanguage":"fr-FR","potentialAction":[{"@type":"ReadAction","target":["https:\/\/www.theolacombe-son.fr\/index.php\/projets\/"]}]},{"@type":"ImageObject","inLanguage":"fr-FR","@id":"https:\/\/www.theolacombe-son.fr\/index.php\/projets\/#primaryimage","url":"https:\/\/embed-ssl.wistia.com\/deliveries\/9dcd36fa143cacae5d0cff080e546c38.jpg?image_play_button_size=2x&amp;image_crop_resized=960x540&amp;image_play_button_rounded=1&amp;image_play_button_color=54bbffe0","contentUrl":"https:\/\/embed-ssl.wistia.com\/deliveries\/9dcd36fa143cacae5d0cff080e546c38.jpg?image_play_button_size=2x&amp;image_crop_resized=960x540&amp;image_play_button_rounded=1&amp;image_play_button_color=54bbffe0"},{"@type":"BreadcrumbList","@id":"https:\/\/www.theolacombe-son.fr\/index.php\/projets\/#breadcrumb","itemListElement":[{"@type":"ListItem","position":1,"name":"Accueil","item":"https:\/\/www.theolacombe-son.fr\/"},{"@type":"ListItem","position":2,"name":"Projets"}]},{"@type":"WebSite","@id":"https:\/\/www.theolacombe-son.fr\/#website","url":"https:\/\/www.theolacombe-son.fr\/","name":"Th\u00e9o Lacombe - Op\u00e9rateur Son","description":"Op\u00e9rateur Son","potentialAction":[{"@type":"SearchAction","target":{"@type":"EntryPoint","urlTemplate":"https:\/\/www.theolacombe-son.fr\/?s={search_term_string}"},"query-input":{"@type":"PropertyValueSpecification","valueRequired":true,"valueName":"search_term_string"}}],"inLanguage":"fr-FR"}]}},"_links":{"self":[{"href":"https:\/\/www.theolacombe-son.fr\/index.php\/wp-json\/wp\/v2\/pages\/25","targetHints":{"allow":["GET"]}}],"collection":[{"href":"https:\/\/www.theolacombe-son.fr\/index.php\/wp-json\/wp\/v2\/pages"}],"about":[{"href":"https:\/\/www.theolacombe-son.fr\/index.php\/wp-json\/wp\/v2\/types\/page"}],"author":[{"embeddable":true,"href":"https:\/\/www.theolacombe-son.fr\/index.php\/wp-json\/wp\/v2\/users\/1"}],"replies":[{"embeddable":true,"href":"https:\/\/www.theolacombe-son.fr\/index.php\/wp-json\/wp\/v2\/comments?post=25"}],"version-history":[{"count":18,"href":"https:\/\/www.theolacombe-son.fr\/index.php\/wp-json\/wp\/v2\/pages\/25\/revisions"}],"predecessor-version":[{"id":74,"href":"https:\/\/www.theolacombe-son.fr\/index.php\/wp-json\/wp\/v2\/pages\/25\/revisions\/74"}],"wp:attachment":[{"href":"https:\/\/www.theolacombe-son.fr\/index.php\/wp-json\/wp\/v2\/media?parent=25"}],"curies":[{"name":"wp","href":"https:\/\/api.w.org\/{rel}","templated":true}]}}